{"id":1246,"date":"2021-04-12T14:57:46","date_gmt":"2021-04-12T14:57:46","guid":{"rendered":"https:\/\/deltaface.com\/3d-orthodontics-software-solutions\/"},"modified":"2025-04-18T15:19:46","modified_gmt":"2025-04-18T15:19:46","slug":"solutions-logicielles-orthodontie-3d","status":"publish","type":"page","link":"https:\/\/deltaface.com\/fr\/solutions-logicielles-orthodontie-3d\/","title":{"rendered":"Solutions logicielles pour l&rsquo;orthodontie 3D"},"content":{"rendered":"<div class=\"wpb-content-wrapper\"><style>.vc_custom_1617000541304{margin-top: 100px !important;margin-bottom: 50px !important;}.vc_custom_1617000572816{margin-bottom: 50px !important;}<\/style>\n<div class=\"vc_row wpb_row vc_row-fluid vc_custom_1617000541304\">\n<div class=\"wpb_column vc_column_container vc_col-sm-12\">\n<div class=\"vc_column-inner\">\n<div class=\"wpb_wrapper\">\n<div class=\"wpb_text_column wpb_content_element\" >\n<div class=\"wpb_wrapper\">\n<h1 class=\"h1 h1_solutions\">Solutions logicielles pour l&rsquo;orthodontie 3D<\/h1>\n<\/p><\/div>\n<\/p><\/div>\n<\/div>\n<\/div>\n<\/div>\n<\/div>\n<div class=\"vc_row wpb_row vc_row-fluid vc_custom_1617000572816\">\n<div class=\"wpb_column vc_column_container vc_col-sm-4\">\n<div class=\"vc_column-inner\">\n<div class=\"wpb_wrapper\">\n<div class=\"wpb_text_column wpb_content_element\" >\n<div class=\"wpb_wrapper\">\n<div class=\"solution\">\n<p><img decoding=\"async\" title=\"Aligner\" src=\"https:\/\/deltaface.com\/wp-content\/uploads\/2021\/08\/Aligner-min.png\" alt=\"Aligner: Conception de goutti\u00e8res dentaires transparentes DeltaFace\" \/><\/p>\n<h2 class=\"btn_solution\">Aligner<\/h2>\n<h3 class=\"h3 h3_solutions\">Conception de goutti\u00e8res dentaires transparentes<\/h3>\n<div class=\"solution_hover\"><a href=\"https:\/\/deltaface.com\/fr\/aligner-conception-gouttiere-dentaire-transparente\/\">Aligner : conception de goutti\u00e8res dentaires transparentes<\/a><\/div>\n<\/div><\/div>\n<\/p><\/div>\n<\/div>\n<\/div>\n<\/div>\n<div class=\"wpb_column vc_column_container vc_col-sm-4\">\n<div class=\"vc_column-inner\">\n<div class=\"wpb_wrapper\">\n<div class=\"wpb_text_column wpb_content_element\" >\n<div class=\"wpb_wrapper\">\n<div class=\"solution\">\n<p><img decoding=\"async\" style=\"aspect-ratio: 300\/170\" title=\"Indirect bonding\" src=\"https:\/\/deltaface.com\/wp-content\/uploads\/2023\/07\/idb.png\" alt=\"IDB: Goutti\u00e8res de collage indirect DeltaFace\" \/><\/p>\n<h2 class=\"btn_solution\">IDB<\/h2>\n<h3 class=\"h3 h3_solutions\">Goutti\u00e8res de collage indirect<\/h3>\n<div class=\"solution_hover\"><a href=\"https:\/\/deltaface.com\/fr\/collage-indirect\/\">IDB: Goutti\u00e8res de collage indirect<\/a><\/div>\n<\/div><\/div>\n<\/p><\/div>\n<\/div>\n<\/div>\n<\/div>\n<div class=\"wpb_column vc_column_container vc_col-sm-4\">\n<div class=\"vc_column-inner\">\n<div class=\"wpb_wrapper\">\n<div class=\"wpb_text_column wpb_content_element\" >\n<div class=\"wpb_wrapper\">\n<div class=\"solution\">\n<p><img decoding=\"async\" title=\"UBrackets\" src=\"https:\/\/deltaface.com\/wp-content\/uploads\/2022\/09\/ubracket-2.png\" alt=\"UBrackets : solutions logicielles d'orthodontie pour brackets personnalis\u00e9s\" \/><\/p>\n<h2 class=\"btn_solution\">UBrackets<\/h2>\n<h3 class=\"h3 h3_solutions\">Brackets personnalis\u00e9s imprimables<\/h3>\n<div class=\"solution_hover\">\n<a href=\"https:\/\/deltaface.com\/fr\/ubrackets-brackets-personnalises\/\">UBrackets : Brackets personnalis\u00e9s imprimables<\/a><\/div>\n<\/div>\n<p><span data-mce-type=\"bookmark\" style=\"display: inline-block; width: 0px; overflow: hidden; line-height: 0;\" class=\"mce_SELRES_start\">\ufeff<\/span><\/p>\n<\/p><\/div>\n<\/p><\/div>\n<\/div>\n<\/div>\n<\/div>\n<div class=\"wpb_column vc_column_container vc_col-sm-2\">\n<div class=\"vc_column-inner\">\n<div class=\"wpb_wrapper\">\n<div class=\"wpb_text_column wpb_content_element\" >\n<div class=\"wpb_wrapper\">\n<div class=\"solution\">\n<\/div>\n<\/p><\/div>\n<\/p><\/div>\n<\/div>\n<\/div>\n<\/div>\n<div class=\"wpb_column vc_column_container vc_col-sm-4\">\n<div class=\"vc_column-inner\">\n<div class=\"wpb_wrapper\">\n<div class=\"wpb_text_column wpb_content_element\" >\n<div class=\"wpb_wrapper\">\n<div class=\"solution\">\n<img decoding=\"async\" title=\"Arch Base\" src=\"https:\/\/deltaface.com\/wp-content\/uploads\/2021\/08\/AB1.png\" alt=\"Arch Base : solutions logicielles pour l'orthodontie pour la cr\u00e9ation de mod\u00e8les dentaires\" \/><\/p>\n<h2 class=\"btn_solution\">Arch Base<\/h2>\n<h3 class=\"h3 h3_solutions\">Cr\u00e9ation de mod\u00e8les dentaires<\/h3>\n<div class=\"solution_hover\"><a href=\"https:\/\/deltaface.com\/fr\/arch-base-dental-model-creation\/\">Arch Base : cr\u00e9ation de mod\u00e8les dentaires<\/a><\/div>\n<\/div><\/div>\n<\/p><\/div>\n<\/div>\n<\/div>\n<\/div>\n<div class=\"wpb_column vc_column_container vc_col-sm-4\">\n<div class=\"vc_column-inner\">\n<div class=\"wpb_wrapper\">\n<div class=\"wpb_text_column wpb_content_element\" >\n<div class=\"wpb_wrapper\">\n<div class=\"solution\">\n<p><img decoding=\"async\" title=\"Appliance\" src=\"https:\/\/deltaface.com\/wp-content\/uploads\/2022\/09\/Hyrax-virtuel-1.png\" alt=\"Appliance : conception d'appareils dentaires pour l'orthodontie\"><\/p>\n<h2 class=\"btn_solution\">Appliance<\/h2>\n<h3 class=\"h3 h3_solutions\">Conception d&rsquo;appareils dentaires pour l&rsquo;orthodontie<\/h3>\n<div class=\"solution_hover\"><a href=\"https:\/\/deltaface.com\/fr\/appliance-conception-appareils-gouttieres-dentaires-orthodontie\/\">Appliance : conception d&rsquo;appareils dentaires pour l&rsquo;orthodontie<\/a><\/div>\n<\/div>\n<p><span data-mce-type=\"bookmark\" style=\"display: inline-block; width: 0px; overflow: hidden; line-height: 0;\" class=\"mce_SELRES_start\">\ufeff<\/span><\/p>\n<\/p><\/div>\n<\/p><\/div>\n<\/div>\n<\/div>\n<\/div>\n<\/div>\n<\/div>","protected":false},"excerpt":{"rendered":"<p class=\"card-text\">Solutions logicielles pour l&rsquo;orthodontie 3D Aligner Conception de goutti\u00e8res dentaires transparentes Aligner : conception de goutti\u00e8res dentaires transparentes IDB Goutti\u00e8res de collage indirect IDB: Goutti\u00e8res de collage indirect UBrackets Brackets personnalis\u00e9s imprimables UBrackets : Brackets personnalis\u00e9s imprimables \ufeff Arch Base Cr\u00e9ation de mod\u00e8les dentaires Arch Base : cr\u00e9ation de mod\u00e8les dentaires Appliance Conception d&rsquo;appareils dentaires [&#8230;]<\/p>\n<p class=\"m-0\"><a class=\"btn btn-outline-secondary btn-read-more\" href=\"https:\/\/deltaface.com\/fr\/solutions-logicielles-orthodontie-3d\/\">Read More<\/a><\/p>\n","protected":false},"author":1,"featured_media":0,"parent":0,"menu_order":0,"comment_status":"closed","ping_status":"closed","template":"","meta":{"footnotes":""},"class_list":["post-1246","page","type-page","status-publish","hentry"],"_links":{"self":[{"href":"https:\/\/deltaface.com\/fr\/wp-json\/wp\/v2\/pages\/1246","targetHints":{"allow":["GET"]}}],"collection":[{"href":"https:\/\/deltaface.com\/fr\/wp-json\/wp\/v2\/pages"}],"about":[{"href":"https:\/\/deltaface.com\/fr\/wp-json\/wp\/v2\/types\/page"}],"author":[{"embeddable":true,"href":"https:\/\/deltaface.com\/fr\/wp-json\/wp\/v2\/users\/1"}],"replies":[{"embeddable":true,"href":"https:\/\/deltaface.com\/fr\/wp-json\/wp\/v2\/comments?post=1246"}],"version-history":[{"count":20,"href":"https:\/\/deltaface.com\/fr\/wp-json\/wp\/v2\/pages\/1246\/revisions"}],"predecessor-version":[{"id":17096,"href":"https:\/\/deltaface.com\/fr\/wp-json\/wp\/v2\/pages\/1246\/revisions\/17096"}],"wp:attachment":[{"href":"https:\/\/deltaface.com\/fr\/wp-json\/wp\/v2\/media?parent=1246"}],"curies":[{"name":"wp","href":"https:\/\/api.w.org\/{rel}","templated":true}]}}