{"id":1260,"date":"2021-04-12T15:02:16","date_gmt":"2021-04-12T15:02:16","guid":{"rendered":"https:\/\/deltaface.com\/appliance-dental-orthodontic-appliances-design\/"},"modified":"2026-01-24T10:55:40","modified_gmt":"2026-01-24T10:55:40","slug":"appliance-conception-appareils-gouttieres-dentaires-orthodontie","status":"publish","type":"page","link":"https:\/\/deltaface.com\/fr\/appliance-conception-appareils-gouttieres-dentaires-orthodontie\/","title":{"rendered":"Appliance: dental orthodontic appliances design"},"content":{"rendered":"<div class=\"wpb-content-wrapper\"><style>.vc_custom_1608644261937{margin-top: 100px !important;}.vc_custom_1621332125704{margin-top: 50px !important;}.vc_custom_1621330533927{margin-top: 40px !important;}.vc_custom_1621340038065{margin-top: 70px !important;}.vc_custom_1621340052841{margin-top: 70px !important;}.vc_custom_1620049869103{margin-top: 100px !important;}.vc_custom_1608644261937{margin-top: 100px !important;}.vc_custom_1621340764055{margin-top: 70px !important;}.vc_custom_1622816522097{margin-top: 80px !important;}.vc_custom_1622816565608{margin-top: 70px !important;}.vc_custom_1622816592653{margin-top: 30px !important;margin-bottom: 70px !important;}.vc_custom_1651484707176{border-top-width: 1px !important;border-right-width: 1px !important;border-bottom-width: 1px !important;border-left-width: 1px !important;background-color: #ffffff !important;border-left-color: #1abc9c !important;border-right-color: #1abc9c !important;border-top-color: #1abc9c !important;border-bottom-color: #1abc9c !important;border-radius: 1px !important;}.vc_custom_1651484707176{border-top-width: 1px !important;border-right-width: 1px !important;border-bottom-width: 1px !important;border-left-width: 1px !important;background-color: #ffffff !important;border-left-color: #1abc9c !important;border-right-color: #1abc9c !important;border-top-color: #1abc9c !important;border-bottom-color: #1abc9c !important;border-radius: 1px !important;}<\/style>\n<div class=\"vc_row wpb_row vc_row-fluid vc_custom_1608644261937\">\n<div class=\"wpb_column vc_column_container vc_col-sm-6\">\n<div class=\"vc_column-inner\">\n<div class=\"wpb_wrapper\">\n<div class=\"wpb_text_column wpb_content_element\" >\n<div class=\"wpb_wrapper\">\n<p><img decoding=\"async\" class=\"aligner_main_img\" src=\"https:\/\/deltaface.com\/wp-content\/uploads\/2021\/04\/Sans-titre-min.png\" alt=\"Appliance clear aligner molar band 3D dental model DeltaFace \" \/><\/p>\n<\/p><\/div>\n<\/p><\/div>\n<\/div>\n<\/div>\n<\/div>\n<div class=\"wpb_column vc_column_container vc_col-sm-6\">\n<div class=\"vc_column-inner\">\n<div class=\"wpb_wrapper\">\n<div class=\"wpb_text_column wpb_content_element\" >\n<div class=\"wpb_wrapper\">\n<h1 class=\"h1\">Appliance : logiciel CAO pour la conception d&rsquo;appareils orthodontiques<\/h1>\n<\/p><\/div>\n<\/p><\/div>\n<div class=\"wpb_text_column wpb_content_element\" >\n<div class=\"wpb_wrapper\">\n<div style=\"height: 2px; width: 100%; background-color: #1abc9c;\"><\/div>\n<\/p><\/div>\n<\/p><\/div>\n<div class=\"redirect_buttons_div\">\n<div class=\"vc_btn3-container  shop_btns vc_btn3-inline vc_custom_1651484707176 vc_do_btn\" ><a class=\"vc_general vc_btn3 vc_btn3-size-md vc_btn3-shape-rounded vc_btn3-style-modern vc_btn3-color-green\" href=\"https:\/\/ivodel.com\/shop\/applianceopen-arch-studio-33\" title=\"\" target=\"_blank\">Voir les prix<\/a><\/div>\n<div class=\"vc_btn3-container  shop_btns vc_btn3-inline vc_custom_1651484707176 vc_do_btn\" ><a class=\"vc_general vc_btn3 vc_btn3-size-md vc_btn3-shape-rounded vc_btn3-style-modern vc_btn3-color-green\" href=\"https:\/\/deltaface.com\/ressources\/\" title=\"\" target=\"_blank\">Brochure et vid\u00e9os<\/a><\/div>\n<\/div>\n<\/div>\n<\/div>\n<\/div>\n<\/div>\n<div class=\"vc_row wpb_row vc_row-fluid vc_custom_1621332125704\">\n<div class=\"wpb_column vc_column_container vc_col-sm-12\">\n<div class=\"vc_column-inner\">\n<div class=\"wpb_wrapper\">\n<div class=\"wpb_text_column wpb_content_element\" >\n<div class=\"wpb_wrapper\">\n<p><strong>Appliance<\/strong> est un logiciel dentaire 3D polyvalent. Il permet de concevoir diff\u00e9rents appareils orthodontiques. Un proth\u00e9siste dentaire, un orthodontiste, voire une clinique dentaire ou un chirurgien-dentiste y trouveront des outils adapt\u00e9s \u00e0 leurs besoins.<\/p>\n<\/p><\/div>\n<\/p><\/div>\n<\/div>\n<\/div>\n<\/div>\n<\/div>\n<div class=\"vc_row wpb_row vc_row-fluid\">\n<div class=\"wpb_column vc_column_container vc_col-sm-12\">\n<div class=\"vc_column-inner\">\n<div class=\"wpb_wrapper\">\n<div class=\"wpb_text_column wpb_content_element\" >\n<div class=\"wpb_wrapper\">\n<p>Appliance permet de concevoir des <strong>goutti\u00e8res dentaires<\/strong> de fa\u00e7on quasi automatique : prot\u00e8ge-dents personnalis\u00e9s, goutti\u00e8res contre le bruxisme, goutti\u00e8res d\u2019occlusion, <strong>contentions de type Hawley<\/strong> ou encore goutti\u00e8res de blanchiment dentaire. Il est \u00e9galement reconnu pour sa capacit\u00e9 \u00e0 mod\u00e9liser des bagues molaires, ce qui ouvre la voie \u00e0 la conception d\u2019appareils composites plus complexes tels que les appareils orthodontiques linguaux, l\u2019appareil de <strong>Herbst<\/strong>, les <strong>disjoncteurs palatins<\/strong>, les goutti\u00e8res nocturnes, etc.<\/p>\n<\/p><\/div>\n<\/p><\/div>\n<\/div>\n<\/div>\n<\/div>\n<\/div>\n<div class=\"vc_row wpb_row vc_row-fluid\">\n<div class=\"wpb_column vc_column_container vc_col-sm-12\">\n<div class=\"vc_column-inner\">\n<div class=\"wpb_wrapper\">\n<div class=\"wpb_text_column wpb_content_element\" >\n<div class=\"wpb_wrapper\">\n<p>Appliance peut \u00e9galement \u00eatre utilis\u00e9 pour cr\u00e9er une facette dentaire, des \u00e9l\u00e9ments personnalis\u00e9s d\u2019un appareil de Herbst, ainsi que d\u2019autres dispositifs tels que l\u2019E.L.N, les v\u00e9rins d\u2019expansion, l\u2019appareil papillon, l\u2019enveloppe linguale et bien d\u2019autres encore.<\/p>\n<p>Les mod\u00e8les 3D export\u00e9s sont au format STL et peuvent \u00eatre utilis\u00e9s directement par une imprimante 3D pour des impressions en r\u00e9sine. La fabrication m\u00e9tallique est \u00e9galement possible, soit par frittage laser, soit de mani\u00e8re plus traditionnelle par la technique de la cire perdue apr\u00e8s impression du mod\u00e8le en r\u00e9sine calcinable.<\/p>\n<\/p><\/div>\n<\/p><\/div>\n<\/div>\n<\/div>\n<\/div>\n<\/div>\n<div class=\"vc_row wpb_row vc_row-fluid\">\n<div class=\"wpb_column vc_column_container vc_col-sm-6\">\n<div class=\"vc_column-inner\">\n<div class=\"wpb_wrapper\">\n<div class=\"wpb_text_column wpb_content_element\" >\n<div class=\"wpb_wrapper\">\n<p style=\"margin: auto; width: 70%;\"><img decoding=\"async\" class=\"effect_right\" src=\"https:\/\/deltaface.com\/wp-content\/uploads\/2021\/06\/Hyrax_virtuel_blanc-min.jpg\" alt=\"appliance virtual hyrax 3D dental model DeltaFace\" \/><\/p>\n<\/p><\/div>\n<\/p><\/div>\n<\/div>\n<\/div>\n<\/div>\n<div class=\"wpb_column vc_column_container vc_col-sm-6\">\n<div class=\"vc_column-inner\">\n<div class=\"wpb_wrapper\">\n<div class=\"wpb_text_column wpb_content_element\" >\n<div class=\"wpb_wrapper\">\n<p style=\"width: 60%; margin: auto;\"><img decoding=\"async\" class=\"effect_left\" src=\"https:\/\/deltaface.com\/wp-content\/uploads\/2021\/05\/bague_rl_rd_white-min.jpg\" alt=\"hyrax appliance DeltaFace\" \/><\/p>\n<\/p><\/div>\n<\/p><\/div>\n<\/div>\n<\/div>\n<\/div>\n<\/div>\n<div class=\"vc_row wpb_row vc_row-fluid vc_custom_1621330533927\">\n<div class=\"wpb_column vc_column_container vc_col-sm-12\">\n<div class=\"vc_column-inner\">\n<div class=\"wpb_wrapper\">\n<div class=\"wpb_text_column wpb_content_element\" >\n<div class=\"wpb_wrapper\">\n<h2 class=\"h2\">Des outils sp\u00e9cialis\u00e9s, qui conservent une flexibilit\u00e9 d\u2019assemblage<\/h2>\n<\/p><\/div>\n<\/p><\/div>\n<div class=\"wpb_text_column wpb_content_element\" >\n<div class=\"wpb_wrapper\">\n<p>Appliance est un logiciel de CAO facile \u00e0 utiliser. Il permet de cr\u00e9er une infinit\u00e9 d\u2019appareils orthodontiques. Pour cela, vous pouvez importer tout type d\u2019objet au format STL, tels que des tubes, des dispositifs ou d\u2019autres \u00e9l\u00e9ments, et les combiner avec le mod\u00e8le dentaire.<\/p>\n<p>Une base de donn\u00e9es d\u2019\u00e9l\u00e9ments dentaires est int\u00e9gr\u00e9e au logiciel. Elle est disponible pour la conception d\u2019appareils sur mesure, tels que les v\u00e9rins d\u2019expansion palatine (expansion orthodontique) ou autres. La position ou la taille d\u2019un composant peut \u00eatre ajust\u00e9e avec une grande pr\u00e9cision.<\/p>\n<p>Les fonctions classiques d\u2019op\u00e9rations bool\u00e9ennes sont \u00e9galement incluses et peuvent \u00eatre appliqu\u00e9es \u00e0 tout objet : union, intersection, diff\u00e9rence, ainsi que les d\u00e9calages positifs ou n\u00e9gatifs.<\/p>\n<\/p><\/div>\n<\/p><\/div>\n<\/div>\n<\/div>\n<\/div>\n<\/div>\n<div class=\"vc_row wpb_row vc_row-fluid vc_custom_1621340038065\">\n<div class=\"wpb_column vc_column_container vc_col-sm-12\">\n<div class=\"vc_column-inner\">\n<div class=\"wpb_wrapper\">\n<div class=\"wpb_text_column wpb_content_element\" >\n<div class=\"wpb_wrapper\">\n<h2 class=\"h2\">Des outils 3D disponibles \u00e0 tout moment<\/h2>\n<\/p><\/div>\n<\/p><\/div>\n<div class=\"wpb_text_column wpb_content_element\" >\n<div class=\"wpb_wrapper\">\n<p>\u00c0 tout moment dans Appliance, des outils de traitement 3D sont disponibles pour pallier les \u00e9ventuelles imperfections du scan du mod\u00e8le dentaire import\u00e9. Ils incluent l\u2019inspection et la correction du mod\u00e8le 3D, la fonction de sym\u00e9trie, la boule de sculpture, le comblement des trous, la suppression des parties isol\u00e9es et des intersections, ainsi que de nombreux autres outils.<\/p>\n<\/p><\/div>\n<\/p><\/div>\n<\/div>\n<\/div>\n<\/div>\n<\/div>\n<div class=\"vc_row wpb_row vc_row-fluid vc_custom_1621340052841\">\n<div class=\"wpb_column vc_column_container vc_col-sm-12\">\n<div class=\"vc_column-inner\">\n<div class=\"wpb_wrapper\">\n<div class=\"wpb_text_column wpb_content_element\" >\n<div class=\"wpb_wrapper\">\n<h2 class=\"h2\">Informations compl\u00e9mentaires \/ astuces et conseils<\/h2>\n<\/p><\/div>\n<\/p><\/div>\n<div class=\"wpb_text_column wpb_content_element\" >\n<div class=\"wpb_wrapper\">\n<p>La goutti\u00e8re, ou la bague molaire, est ajustable afin d\u2019ajouter un espace constant avec la dent. Cela permet de cr\u00e9er un jeu pour le placement du ciment, ou par exemple de compenser l\u2019expansion de la r\u00e9sine pouvant \u00eatre li\u00e9e \u00e0 l\u2019imprimante 3D ou \u00e0 la r\u00e9sine utilis\u00e9e pour la fabrication.<\/p>\n<p>Pour la conception d\u2019appareils dentaires plus complexes, la barre peut \u00eatre utilis\u00e9e pour relier plusieurs \u00e9l\u00e9ments entre eux : bague molaire, plaque palatine, v\u00e9rin d\u2019expansion ou autres\u2026 La forme de la barre peut \u00eatre ajust\u00e9e \u00e0 volont\u00e9 gr\u00e2ce \u00e0 un syst\u00e8me de points de contr\u00f4le. Le rayon ainsi que l\u2019\u00e9cart constant par rapport au mod\u00e8le peuvent \u00e9galement \u00eatre modifi\u00e9s \u00e0 tout moment.<\/p>\n<\/p><\/div>\n<\/p><\/div>\n<\/div>\n<\/div>\n<\/div>\n<\/div>\n<div class=\"vc_row wpb_row vc_row-fluid vc_custom_1620049869103\">\n<div class=\"wpb_column vc_column_container vc_col-sm-12\">\n<div class=\"vc_column-inner\">\n<div class=\"wpb_wrapper\">\n<div class=\"wpb_text_column wpb_content_element\" >\n<div class=\"wpb_wrapper\">\n<h3 class=\"h3\">Comment cr\u00e9er une goutti\u00e8re en 2 minutes ?<\/h3>\n<\/p><\/div>\n<\/p><\/div>\n<\/div>\n<\/div>\n<\/div>\n<\/div>\n<div class=\"vc_row wpb_row vc_row-fluid\">\n<div class=\"wpb_column vc_column_container vc_col-sm-4\">\n<div class=\"vc_column-inner\">\n<div class=\"wpb_wrapper\">\n<div class=\"wpb_text_column wpb_content_element\" >\n<div class=\"wpb_wrapper\">\n<p><img decoding=\"async\" class=\"effect_left\" src=\"https:\/\/deltaface.com\/wp-content\/uploads\/2021\/05\/Splint_jaune_white-min.jpg\" alt=\"Splint 3D dental model Appliance DeltaFace\" \/><\/p>\n<\/p><\/div>\n<\/p><\/div>\n<\/div>\n<\/div>\n<\/div>\n<div class=\"wpb_column vc_column_container vc_col-sm-8\">\n<div class=\"vc_column-inner\">\n<div class=\"wpb_wrapper\">\n<div class=\"wpb_text_column wpb_content_element\" >\n<div class=\"wpb_wrapper\">\n<p>Une goutti\u00e8re se cr\u00e9e tr\u00e8s simplement \u00e0 partir d\u2019une courbe trac\u00e9e sur le mod\u00e8le. Il est possible d\u2019en d\u00e9finir l\u2019\u00e9paisseur et d\u2019ajouter un espace. Gr\u00e2ce aux autres fonctions et outils disponibles, il est facile d\u2019adapter et de personnaliser la goutti\u00e8re selon les besoins.<\/p>\n<\/p><\/div>\n<\/p><\/div>\n<\/div>\n<\/div>\n<\/div>\n<\/div>\n<div class=\"vc_row wpb_row vc_row-fluid vc_custom_1608644261937\">\n<div class=\"wpb_column vc_column_container vc_col-sm-12\">\n<div class=\"vc_column-inner\">\n<div class=\"wpb_wrapper\">\n<div class=\"wpb_text_column wpb_content_element\" >\n<div class=\"wpb_wrapper\">\n<h3 class=\"h3\">Comment cr\u00e9er une bague molaire personnalis\u00e9e en 2 minutes ?<\/h3>\n<\/p><\/div>\n<\/p><\/div>\n<\/div>\n<\/div>\n<\/div>\n<\/div>\n<div class=\"vc_row wpb_row vc_row-fluid\">\n<div class=\"wpb_column vc_column_container vc_col-sm-8\">\n<div class=\"vc_column-inner\">\n<div class=\"wpb_wrapper\">\n<div class=\"wpb_text_column wpb_content_element\" >\n<div class=\"wpb_wrapper\">\n<p>Apr\u00e8s avoir s\u00e9lectionn\u00e9 une dent, une courbe 3D suivant automatiquement le contour gingival de la dent est g\u00e9n\u00e9r\u00e9e. Celle-ci peut \u00eatre ajust\u00e9e en modifiant les points de contr\u00f4le. Une seconde courbe 3D, situ\u00e9e au niveau occlusal, d\u00e9finit la limite sup\u00e9rieure de la bague molaire.<\/p>\n<p>La bague molaire est pr\u00eate \u00e0 \u00eatre cr\u00e9\u00e9e en ajustant les param\u00e8tres d\u2019\u00e9paisseur et d\u2019\u00e9cart.<\/p>\n<\/p><\/div>\n<\/p><\/div>\n<\/div>\n<\/div>\n<\/div>\n<div class=\"wpb_column vc_column_container vc_col-sm-4\">\n<div class=\"vc_column-inner\">\n<div class=\"wpb_wrapper\">\n<div class=\"wpb_text_column wpb_content_element\" >\n<div class=\"wpb_wrapper\">\n<p><img decoding=\"async\" class=\"effect_right\" src=\"https:\/\/deltaface.com\/wp-content\/uploads\/2021\/05\/Bague_white-min.jpg\" alt=\"molar band 3D dental model Appliance DeltaFace\" \/><\/p>\n<\/p><\/div>\n<\/p><\/div>\n<\/div>\n<\/div>\n<\/div>\n<\/div>\n<div class=\"vc_row wpb_row vc_row-fluid vc_custom_1621340764055\">\n<div class=\"wpb_column vc_column_container vc_col-sm-12\">\n<div class=\"vc_column-inner\">\n<div class=\"wpb_wrapper\">\n<div class=\"wpb_text_column wpb_content_element\" >\n<div class=\"wpb_wrapper\">\n<h3 class=\"h3\">Comment supprimer les contre-d\u00e9pouilles ?<\/h3>\n<\/p><\/div>\n<\/p><\/div>\n<div class=\"wpb_text_column wpb_content_element\" >\n<div class=\"wpb_wrapper\">\n<p>Lors de la pr\u00e9paration du mod\u00e8le virtuel, Appliance permet de choisir l\u2019axe d\u2019insertion de la proth\u00e8se et de visualiser les zones de contre-d\u00e9pouille selon cet axe. L\u2019application de la cire virtuelle se fait automatiquement.<\/p>\n<\/p><\/div>\n<\/p><\/div>\n<\/div>\n<\/div>\n<\/div>\n<\/div>\n<div class=\"vc_row wpb_row vc_row-fluid\">\n<div class=\"wpb_column vc_column_container vc_col-sm-6\">\n<div class=\"vc_column-inner\">\n<div class=\"wpb_wrapper\">\n<div class=\"wpb_text_column wpb_content_element\" >\n<div class=\"wpb_wrapper\">\n<h4 class=\"h4\" style=\"text-align: center; text-transform: unset;\">Vue des contre-d\u00e9pouilles<\/h4>\n<p class=\"undercuts_img\"><img decoding=\"async\" class=\"effect_top\" src=\"https:\/\/deltaface.com\/wp-content\/uploads\/2021\/05\/Cire_virtuelle_white.jpg\" alt=\"Appliance view of the undercuts 3D dental model DeltaFace\" \/><\/p>\n<\/p><\/div>\n<\/p><\/div>\n<\/div>\n<\/div>\n<\/div>\n<div class=\"wpb_column vc_column_container vc_col-sm-6\">\n<div class=\"vc_column-inner\">\n<div class=\"wpb_wrapper\">\n<div class=\"wpb_text_column wpb_content_element\" >\n<div class=\"wpb_wrapper\">\n<h4 class=\"h4\" style=\"text-align: center; text-transform: unset;\">Suppression des contre-d\u00e9pouilles<\/h4>\n<p class=\"undercuts_img\" style=\"margin-top: 30px;\"><img decoding=\"async\" class=\"effect_top\" src=\"https:\/\/deltaface.com\/wp-content\/uploads\/2021\/05\/Block-out_undercuts2_white-min.jpg\" alt=\"Appliance block out undercuts 3D dental model DeltaFace\" \/><\/p>\n<\/p><\/div>\n<\/p><\/div>\n<\/div>\n<\/div>\n<\/div>\n<\/div>\n<div class=\"vc_row wpb_row vc_row-fluid vc_custom_1622816522097\">\n<div class=\"wpb_column vc_column_container vc_col-sm-12\">\n<div class=\"vc_column-inner\">\n<div class=\"wpb_wrapper\">\n<div class=\"wpb_text_column wpb_content_element\" >\n<div class=\"wpb_wrapper\">\n<h3 class=\"h3\">Comment cr\u00e9er une plaque palatine ?<\/h3>\n<\/p><\/div>\n<\/p><\/div>\n<div class=\"wpb_text_column wpb_content_element\" >\n<div class=\"wpb_wrapper\">\n<p>La fonction de cr\u00e9ation de goutti\u00e8re peut \u00e9galement \u00eatre utilis\u00e9e pour concevoir divers appareils orthodontiques. Par exemple, une plaque palatine peut \u00eatre cr\u00e9\u00e9e \u00e0 partir d\u2019une courbe 3D trac\u00e9e sur le mod\u00e8le. La fonction goutti\u00e8re g\u00e9n\u00e8re alors une sur\u00e9paisseur qui \u00e9pouse parfaitement le mod\u00e8le d\u2019origine. L\u2019\u00e9paisseur ainsi que l\u2019espace entre le mod\u00e8le et la plaque palatine sont enti\u00e8rement r\u00e9glables.<\/p>\n<\/p><\/div>\n<\/p><\/div>\n<\/div>\n<\/div>\n<\/div>\n<\/div>\n<div class=\"vc_row wpb_row vc_row-fluid vc_custom_1622816565608\">\n<div class=\"wpb_column vc_column_container vc_col-sm-12\">\n<div class=\"vc_column-inner\">\n<div class=\"wpb_wrapper\">\n<div class=\"wpb_text_column wpb_content_element\" >\n<div class=\"wpb_wrapper\">\n<h2 class=\"h2\">Autres appareils orthodontiques<\/h2>\n<\/p><\/div>\n<\/p><\/div>\n<\/div>\n<\/div>\n<\/div>\n<\/div>\n<div class=\"vc_row wpb_row vc_row-fluid vc_custom_1622816592653\">\n<div class=\"wpb_column vc_column_container vc_col-sm-4\">\n<div class=\"vc_column-inner\">\n<div class=\"wpb_wrapper\">\n<div class=\"wpb_text_column wpb_content_element\" >\n<div class=\"wpb_wrapper\">\n<p><img decoding=\"async\" class=\"effect_top\" src=\"https:\/\/deltaface.com\/wp-content\/uploads\/2021\/06\/Band__Loop_white-min-1.jpg\" alt=\"Appliance Band and Loop Space Maintainers 3D dental model DeltaFace\" \/><\/p>\n<h3 class=\"h3\" style=\"text-transform: unset; font-size: 1.3rem; text-align: center;\">Bande et boucle<\/h3>\n<\/p><\/div>\n<\/p><\/div>\n<\/div>\n<\/div>\n<\/div>\n<div class=\"wpb_column vc_column_container vc_col-sm-4\">\n<div class=\"vc_column-inner\">\n<div class=\"wpb_wrapper\">\n<div class=\"wpb_text_column wpb_content_element\" >\n<div class=\"wpb_wrapper\">\n<p><img decoding=\"async\" class=\"effect_top\" src=\"https:\/\/deltaface.com\/wp-content\/uploads\/2021\/05\/Arc_lingual_white-min-1.jpg\" alt=\"appliance Lingual Arch 3D dental model DeltaFace\" \/><\/p>\n<h3 class=\"h3\" style=\"text-transform: unset; font-size: 1.3rem; text-align: center;\">Arc lingual<\/h3>\n<\/p><\/div>\n<\/p><\/div>\n<\/div>\n<\/div>\n<\/div>\n<div class=\"wpb_column vc_column_container vc_col-sm-4\">\n<div class=\"vc_column-inner\">\n<div class=\"wpb_wrapper\">\n<div class=\"wpb_text_column wpb_content_element\" >\n<div class=\"wpb_wrapper\">\n<p><img decoding=\"async\" class=\"effect_top\" src=\"https:\/\/deltaface.com\/wp-content\/uploads\/2021\/06\/Pontic_with_roots_white-min-1.jpg\" alt=\"Appliance Pontic for tooth extraction 3D dental model DeltaFace\" \/><\/p>\n<h3 class=\"h3\" style=\"text-transform: unset; font-size: 1.3rem; text-align: center;\">Pontique avec racines<\/h3>\n<\/p><\/div>\n<\/p><\/div>\n<\/div>\n<\/div>\n<\/div>\n<\/div>\n<\/div>","protected":false},"excerpt":{"rendered":"<p class=\"card-text\">Appliance : logiciel CAO pour la conception d&rsquo;appareils orthodontiques Voir les prix Brochure et vid\u00e9os Appliance est un logiciel dentaire 3D polyvalent. Il permet de concevoir diff\u00e9rents appareils orthodontiques. Un proth\u00e9siste dentaire, un orthodontiste, voire une clinique dentaire ou un chirurgien-dentiste y trouveront des outils adapt\u00e9s \u00e0 leurs besoins. Appliance permet de concevoir des goutti\u00e8res [&#8230;]<\/p>\n<p class=\"m-0\"><a class=\"btn btn-outline-secondary btn-read-more\" href=\"https:\/\/deltaface.com\/fr\/appliance-conception-appareils-gouttieres-dentaires-orthodontie\/\">Read More<\/a><\/p>\n","protected":false},"author":1,"featured_media":0,"parent":0,"menu_order":0,"comment_status":"closed","ping_status":"closed","template":"","meta":{"footnotes":""},"class_list":["post-1260","page","type-page","status-publish","hentry"],"_links":{"self":[{"href":"https:\/\/deltaface.com\/fr\/wp-json\/wp\/v2\/pages\/1260","targetHints":{"allow":["GET"]}}],"collection":[{"href":"https:\/\/deltaface.com\/fr\/wp-json\/wp\/v2\/pages"}],"about":[{"href":"https:\/\/deltaface.com\/fr\/wp-json\/wp\/v2\/types\/page"}],"author":[{"embeddable":true,"href":"https:\/\/deltaface.com\/fr\/wp-json\/wp\/v2\/users\/1"}],"replies":[{"embeddable":true,"href":"https:\/\/deltaface.com\/fr\/wp-json\/wp\/v2\/comments?post=1260"}],"version-history":[{"count":39,"href":"https:\/\/deltaface.com\/fr\/wp-json\/wp\/v2\/pages\/1260\/revisions"}],"predecessor-version":[{"id":17438,"href":"https:\/\/deltaface.com\/fr\/wp-json\/wp\/v2\/pages\/1260\/revisions\/17438"}],"wp:attachment":[{"href":"https:\/\/deltaface.com\/fr\/wp-json\/wp\/v2\/media?parent=1260"}],"curies":[{"name":"wp","href":"https:\/\/api.w.org\/{rel}","templated":true}]}}