{"id":1264,"date":"2021-04-12T15:03:18","date_gmt":"2021-04-12T15:03:18","guid":{"rendered":"https:\/\/deltaface.com\/arch-base-dental-model-creation\/"},"modified":"2026-01-24T10:52:26","modified_gmt":"2026-01-24T10:52:26","slug":"arch-base-dental-model-creation","status":"publish","type":"page","link":"https:\/\/deltaface.com\/fr\/arch-base-dental-model-creation\/","title":{"rendered":"Arch Base: dental model creation"},"content":{"rendered":"<div class=\"wpb-content-wrapper\"><style>.vc_custom_1609237615109{margin-top: 100px !important;}.vc_custom_1609237634222{margin-top: 20px !important;margin-bottom: 30px !important;}.vc_custom_1609238847156{margin-top: 50px !important;}.vc_custom_1616770953568{margin-bottom: 50px !important;}.vc_custom_1616770918152{margin-bottom: 50px !important;}.vc_custom_1616770996112{margin-bottom: 50px !important;}.vc_custom_1616770895651{margin-bottom: 50px !important;}.vc_custom_1616771022032{margin-bottom: 50px !important;}.vc_custom_1651484904584{border-top-width: 1px !important;border-right-width: 1px !important;border-bottom-width: 1px !important;border-left-width: 1px !important;background-color: #ffffff !important;border-left-color: #1abc9c !important;border-right-color: #1abc9c !important;border-top-color: #1abc9c !important;border-bottom-color: #1abc9c !important;border-radius: 1px !important;}.vc_custom_1651484904584{border-top-width: 1px !important;border-right-width: 1px !important;border-bottom-width: 1px !important;border-left-width: 1px !important;background-color: #ffffff !important;border-left-color: #1abc9c !important;border-right-color: #1abc9c !important;border-top-color: #1abc9c !important;border-bottom-color: #1abc9c !important;border-radius: 1px !important;}<\/style>\n<div class=\"vc_row wpb_row vc_row-fluid vc_custom_1609237615109\">\n<div class=\"wpb_column vc_column_container vc_col-sm-6\">\n<div class=\"vc_column-inner\">\n<div class=\"wpb_wrapper\">\n<div class=\"wpb_text_column wpb_content_element\" >\n<div class=\"wpb_wrapper\">\n<p><img decoding=\"async\" class=\"aligner_main_img\" src=\"https:\/\/deltaface.com\/wp-content\/uploads\/2021\/04\/main_archbase_white.jpg\" alt=\"Arch Base Virtual model creation\" \/><\/p>\n<\/p><\/div>\n<\/p><\/div>\n<\/div>\n<\/div>\n<\/div>\n<div class=\"wpb_column vc_column_container vc_col-sm-6\">\n<div class=\"vc_column-inner\">\n<div class=\"wpb_wrapper\">\n<div class=\"wpb_text_column wpb_content_element\" >\n<div class=\"wpb_wrapper\">\n<h1 class=\"h1\">Arch Base: Cr\u00e9ation d\u2019un mod\u00e8le virtuel<\/h1>\n<\/p><\/div>\n<\/p><\/div>\n<div class=\"wpb_text_column wpb_content_element\" >\n<div class=\"wpb_wrapper\">\n<div style=\"height: 2px; width: 100%; background-color: #1abc9c;\"><\/div>\n<\/p><\/div>\n<\/p><\/div>\n<div class=\"vc_btn3-container  shop_btns vc_btn3-inline vc_custom_1651484904584 vc_do_btn\" ><a class=\"vc_general vc_btn3 vc_btn3-size-md vc_btn3-shape-rounded vc_btn3-style-modern vc_btn3-color-green\" href=\"https:\/\/ivodel.com\/shop\/applianceopen-arch-studio-33\" title=\"\" target=\"_blank\">Voir les prix<\/a><\/div>\n<div class=\"vc_btn3-container  shop_btns vc_btn3-inline vc_custom_1651484904584 vc_do_btn\" ><a class=\"vc_general vc_btn3 vc_btn3-size-md vc_btn3-shape-rounded vc_btn3-style-modern vc_btn3-color-green\" href=\"https:\/\/deltaface.com\/ressources\/\" title=\"\" target=\"_blank\">Brochure et vid\u00e9os<\/a><\/div>\n<\/div>\n<\/div>\n<\/div>\n<\/div>\n<div class=\"vc_row wpb_row vc_row-fluid\">\n<div class=\"wpb_column vc_column_container vc_col-sm-12\">\n<div class=\"vc_column-inner\">\n<div class=\"wpb_wrapper\">\n<div class=\"wpb_text_column wpb_content_element\" >\n<div class=\"wpb_wrapper\"><\/div>\n<\/p><\/div>\n<\/div>\n<\/div>\n<\/div>\n<\/div>\n<div class=\"vc_row wpb_row vc_row-fluid vc_custom_1609237634222\">\n<div class=\"wpb_column vc_column_container vc_col-sm-12\">\n<div class=\"vc_column-inner\">\n<div class=\"wpb_wrapper\">\n<div class=\"wpb_text_column wpb_content_element\" >\n<div class=\"wpb_wrapper\">\n<p><strong>Arch Base<\/strong> est le logiciel 3D le plus rapide pour la cr\u00e9ation de mod\u00e8les dentaires ; il vous fera gagner un temps pr\u00e9cieux. Que vous soyez orthodontiste ou laboratoire dentaire, pr\u00e9parez facilement l\u2019empreinte dentaire pour imprimer en 3D le mod\u00e8le d\u2019\u00e9tude ou le mod\u00e8le de travail.<\/p>\n<\/p><\/div>\n<\/p><\/div>\n<\/div>\n<\/div>\n<\/div>\n<\/div>\n<div class=\"vc_row wpb_row vc_row-fluid\">\n<div class=\"wpb_column vc_column_container vc_col-sm-12\">\n<div class=\"vc_column-inner\">\n<div class=\"wpb_wrapper\">\n<div class=\"wpb_text_column wpb_content_element\" >\n<div class=\"wpb_wrapper\">\n<p data-start=\"0\" data-end=\"601\">Le dentiste ou l\u2019orthodontiste obtient le fichier num\u00e9rique 3D du patient \u00e0 partir du <strong>scanner dentaire<\/strong>. Il existe deux techniques pour r\u00e9aliser une <strong>empreinte dentaire<\/strong> : le moulage en pl\u00e2tre ou, de mani\u00e8re plus moderne, le <strong>scanner intra-oral<\/strong>. Dans le premier cas, l\u2019empreinte est prise \u00e0 l\u2019aide d\u2019alginate, puis le pl\u00e2tre est coul\u00e9 pour obtenir un mod\u00e8le physique qui sera num\u00e9ris\u00e9 \u00e0 l\u2019aide d\u2019un scanner dentaire de bureau. Dans le second cas, l\u2019empreinte num\u00e9rique est directement g\u00e9n\u00e9r\u00e9e par le scanner intra-oral. Dans les deux cas, un fichier num\u00e9rique 3D du mod\u00e8le dentaire est cr\u00e9\u00e9 au <strong>format STL<\/strong>.<\/p>\n<p data-start=\"603\" data-end=\"1078\">Une fois import\u00e9 dans le logiciel Arch Base, le mod\u00e8le est mis en base pour \u00eatre stock\u00e9 num\u00e9riquement ou imprim\u00e9 en 3D. Des fonctionnalit\u00e9s avanc\u00e9es de pr\u00e9paration du mod\u00e8le sont disponibles, notamment des outils d\u2019inspection et de r\u00e9paration du fichier num\u00e9rique, de nettoyage des bords, de s\u00e9lection de la base, de gravure d\u2019identifiants, de maintien de l\u2019<strong>occlusion<\/strong>, ainsi que de pr\u00e9paration \u00e0 l\u2019<strong>impression 3D<\/strong> pour optimiser la vitesse et <strong>r\u00e9duire la consommation de r\u00e9sine<\/strong>.<\/p>\n<p data-start=\"1080\" data-end=\"1192\" data-is-last-node=\"\" data-is-only-node=\"\">Gr\u00e2ce au flux de travail guid\u00e9 d\u2019Arch Base, toutes ces op\u00e9rations peuvent \u00eatre r\u00e9alis\u00e9es en une minute par cas\u202f!<\/p>\n<\/p><\/div>\n<\/p><\/div>\n<\/div>\n<\/div>\n<\/div>\n<\/div>\n<div class=\"vc_row wpb_row vc_row-fluid vc_custom_1609238847156\">\n<div class=\"wpb_column vc_column_container vc_col-sm-12\">\n<div class=\"vc_column-inner\">\n<div class=\"wpb_wrapper\">\n<div class=\"wpb_text_column wpb_content_element\" >\n<div class=\"wpb_wrapper\">\n<h2 class=\"h2\">Les fonctionnalit\u00e9s<\/h2>\n<\/p><\/div>\n<\/p><\/div>\n<\/div>\n<\/div>\n<\/div>\n<\/div>\n<div class=\"vc_row wpb_row vc_row-fluid\">\n<div class=\"wpb_column vc_column_container vc_col-sm-12\">\n<div class=\"vc_column-inner\">\n<div class=\"wpb_wrapper\">\n<div class=\"wpb_text_column wpb_content_element\" >\n<div class=\"wpb_wrapper\">\n<h3 class=\"h3\">Pr\u00e9paration du mod\u00e8le<\/h3>\n<\/p><\/div>\n<\/p><\/div>\n<\/div>\n<\/div>\n<\/div>\n<\/div>\n<div class=\"vc_row wpb_row vc_row-fluid vc_custom_1616770953568\">\n<div class=\"wpb_column vc_column_container vc_col-sm-8\">\n<div class=\"vc_column-inner\">\n<div class=\"wpb_wrapper\">\n<div class=\"wpb_text_column wpb_content_element\" >\n<div class=\"wpb_wrapper\">\n<p data-start=\"0\" data-end=\"286\">Un scan intra-oral pr\u00e9sente souvent des bords irr\u00e9guliers et un manque de pr\u00e9cision, ce qui est inh\u00e9rent au processus de mesure. Arch Base propose une d\u00e9coupe nette des bords du scan afin de ne conserver que la partie utile. Il s\u2019agit d\u2019un automatisme qui fait <strong>gagner un temps pr\u00e9cieux<\/strong>.<\/p>\n<p data-start=\"288\" data-end=\"524\" data-is-last-node=\"\" data-is-only-node=\"\">Arch Base inspecte \u00e9galement le fichier num\u00e9rique 3D import\u00e9 et propose des corrections si n\u00e9cessaire. L\u2019outil \u00ab inspecteur \u00bb et d\u2019autres fonctionnalit\u00e9s permettent de corriger d\u2019\u00e9ventuels d\u00e9fauts dans la structure du fichier num\u00e9rique.<\/p>\n<p>&nbsp;<\/p>\n<\/p><\/div>\n<\/p><\/div>\n<\/div>\n<\/div>\n<\/div>\n<div class=\"wpb_column vc_column_container vc_col-sm-4\">\n<div class=\"vc_column-inner\">\n<div class=\"wpb_wrapper\">\n<div class=\"wpb_text_column wpb_content_element\" >\n<div class=\"wpb_wrapper\">\n<p><img decoding=\"async\" class=\"effect_right\" src=\"https:\/\/deltaface.com\/wp-content\/uploads\/2021\/04\/courbe_auto_white.jpg\" alt=\"automatic curves Arch Base\" \/><\/p>\n<\/p><\/div>\n<\/p><\/div>\n<\/div>\n<\/div>\n<\/div>\n<\/div>\n<div class=\"vc_row wpb_row vc_row-fluid\">\n<div class=\"wpb_column vc_column_container vc_col-sm-12\">\n<div class=\"vc_column-inner\">\n<div class=\"wpb_wrapper\">\n<div class=\"wpb_text_column wpb_content_element\" >\n<div class=\"wpb_wrapper\">\n<h3 class=\"h3\">Une base pour chaque cas d&rsquo;usage<\/h3>\n<\/p><\/div>\n<\/p><\/div>\n<\/div>\n<\/div>\n<\/div>\n<\/div>\n<div class=\"vc_row wpb_row vc_row-fluid vc_custom_1616770918152\">\n<div class=\"wpb_column vc_column_container vc_col-sm-6\">\n<div class=\"vc_column-inner\">\n<div class=\"wpb_wrapper\">\n<div class=\"wpb_text_column wpb_content_element\" >\n<div class=\"wpb_wrapper\">\n<div class=\"base_imgs\">\n<p><img decoding=\"async\" class=\"effect_left\" src=\"https:\/\/deltaface.com\/wp-content\/uploads\/2021\/04\/Base_etude_white.jpg\" alt=\"ArchBase study base 3D dental model DeltaFace\" \/><\/p>\n<p><img decoding=\"async\" class=\"effect_left\" src=\"https:\/\/deltaface.com\/wp-content\/uploads\/2021\/04\/base_plan_plaque_arriere_wthite.jpg\" alt=\"ArchBase base back plate 3D dental model DeltaFace\" \/><\/p>\n<\/div>\n<div class=\"flex base_imgs_title\">\n<p>Base d&rsquo;\u00e9tude<\/p>\n<p>Base avec une plaque arri\u00e8re<\/p>\n<\/div><\/div>\n<\/p><\/div>\n<\/div>\n<\/div>\n<\/div>\n<div class=\"wpb_column vc_column_container vc_col-sm-6\">\n<div class=\"vc_column-inner\">\n<div class=\"wpb_wrapper\">\n<div class=\"wpb_text_column wpb_content_element\" >\n<div class=\"wpb_wrapper\">\n<p>Selon l\u2019utilisation du mod\u00e8le, s\u00e9lectionnez la base la plus adapt\u00e9e : mod\u00e8le d\u2019\u00e9tude, mod\u00e8le de travail pour la <strong>fabrication d\u2019appareils orthodontiques<\/strong>, base optimis\u00e9e pour la r\u00e9alisation de goutti\u00e8res, en arcade compl\u00e8te ou demi-arcade, etc.<\/p>\n<\/p><\/div>\n<\/p><\/div>\n<\/div>\n<\/div>\n<\/div>\n<\/div>\n<div class=\"vc_row wpb_row vc_row-fluid\">\n<div class=\"wpb_column vc_column_container vc_col-sm-12\">\n<div class=\"vc_column-inner\">\n<div class=\"wpb_wrapper\">\n<div class=\"wpb_text_column wpb_content_element\" >\n<div class=\"wpb_wrapper\">\n<h3 class=\"h3\">L&rsquo;occlusion pr\u00e9serv\u00e9e<\/h3>\n<\/p><\/div>\n<\/p><\/div>\n<\/div>\n<\/div>\n<\/div>\n<\/div>\n<div class=\"vc_row wpb_row vc_row-fluid vc_custom_1616770996112\">\n<div class=\"wpb_column vc_column_container vc_col-sm-8\">\n<div class=\"vc_column-inner\">\n<div class=\"wpb_wrapper\">\n<div class=\"wpb_text_column wpb_content_element\" >\n<div class=\"wpb_wrapper\">\n<p>Il est important de pouvoir retrouver l\u2019occlusion obtenue lors de la prise d\u2019empreinte.<\/p>\n<p>Sur demande, Arch Base ajoute automatiquement un tr\u00e9pied permettant de repositionner les <strong>arcades en occlusion<\/strong>.<\/p>\n<p>Pour l\u2019utilisation d\u2019un articulateur, Arch Base peut ajouter automatiquement un support de fixation pour articulateur en plastique jetable, comme le Vertex ou le Twister, afin d\u2019\u00e9viter les manipulations de collage.<\/p>\n<p>L\u2019int\u00e9gration de votre propre <strong>articulateur<\/strong> est \u00e9galement possible\u202f!<\/p>\n<p>&nbsp;<\/p>\n<\/p><\/div>\n<\/p><\/div>\n<\/div>\n<\/div>\n<\/div>\n<div class=\"wpb_column vc_column_container vc_col-sm-4\">\n<div class=\"vc_column-inner\">\n<div class=\"wpb_wrapper\">\n<div class=\"wpb_text_column wpb_content_element\" >\n<div class=\"wpb_wrapper\">\n<p><img decoding=\"async\" class=\"effect_right\" src=\"https:\/\/deltaface.com\/wp-content\/uploads\/2021\/04\/base_etue_trepied_twister.JPG_white.jpg\" alt=\"ArchBase study base tripod twister 3D dental model DeltaFace\" \/><\/p>\n<\/p><\/div>\n<\/p><\/div>\n<\/div>\n<\/div>\n<\/div>\n<\/div>\n<div class=\"vc_row wpb_row vc_row-fluid\">\n<div class=\"wpb_column vc_column_container vc_col-sm-12\">\n<div class=\"vc_column-inner\">\n<div class=\"wpb_wrapper\">\n<div class=\"wpb_text_column wpb_content_element\" >\n<div class=\"wpb_wrapper\">\n<h3 class=\"h3\">Un mod\u00e8le dentaire bien identifi\u00e9<\/h3>\n<\/p><\/div>\n<\/p><\/div>\n<\/div>\n<\/div>\n<\/div>\n<\/div>\n<div class=\"vc_row wpb_row vc_row-fluid vc_custom_1616770895651\">\n<div class=\"wpb_column vc_column_container vc_col-sm-4\">\n<div class=\"vc_column-inner\">\n<div class=\"wpb_wrapper\">\n<div class=\"wpb_text_column wpb_content_element\" >\n<div class=\"wpb_wrapper\">\n<p><img decoding=\"async\" class=\"effect_left\" src=\"https:\/\/deltaface.com\/wp-content\/uploads\/2021\/04\/text_white.jpg\" alt=\"engraving base identification\" width=\"100%\" \/><\/p>\n<\/p><\/div>\n<\/p><\/div>\n<\/div>\n<\/div>\n<\/div>\n<div class=\"wpb_column vc_column_container vc_col-sm-8\">\n<div class=\"vc_column-inner\">\n<div class=\"wpb_wrapper\">\n<div class=\"wpb_text_column wpb_content_element\" >\n<div class=\"wpb_wrapper\">\n<p>La <strong>gravure 3D<\/strong> syst\u00e9matique du mod\u00e8le emp\u00eache toute erreur de manipulation ou d\u2019identification. Avec Arch Base, la gravure est automatiquement positionn\u00e9e. Elle comprend les donn\u00e9es d\u2019identification : patient, praticien, dates. Il est m\u00eame possible de personnaliser les bases de donn\u00e9es, par exemple avec le nom du laboratoire.<\/p>\n<\/p><\/div>\n<\/p><\/div>\n<\/div>\n<\/div>\n<\/div>\n<\/div>\n<div class=\"vc_row wpb_row vc_row-fluid\">\n<div class=\"wpb_column vc_column_container vc_col-sm-12\">\n<div class=\"vc_column-inner\">\n<div class=\"wpb_wrapper\">\n<div class=\"wpb_text_column wpb_content_element\" >\n<div class=\"wpb_wrapper\">\n<h3 class=\"h3\">Impression 3D optimis\u00e9e<\/h3>\n<\/p><\/div>\n<\/p><\/div>\n<\/div>\n<\/div>\n<\/div>\n<\/div>\n<div class=\"vc_row wpb_row vc_row-fluid vc_custom_1616771022032\">\n<div class=\"wpb_column vc_column_container vc_col-sm-8\">\n<div class=\"vc_column-inner\">\n<div class=\"wpb_wrapper\">\n<div class=\"wpb_text_column wpb_content_element\" >\n<div class=\"wpb_wrapper\">\n<p>Lorsque l\u2019objectif est d\u2019imprimer le mod\u00e8le 3D, le creusement de l\u2019int\u00e9rieur du mod\u00e8le permet une importante \u00e9conomie de r\u00e9sine ou de filament. Seule l\u2019\u00e9paisseur n\u00e9cessaire est conserv\u00e9e. Selon le type d\u2019imprimante, le <strong>temps d\u2019impression<\/strong> sera \u00e9galement r\u00e9duit. Arch Base effectue ces op\u00e9rations automatiquement, que ce soit pour une impression verticale ou horizontale.<\/p>\n<\/p><\/div>\n<\/p><\/div>\n<\/div>\n<\/div>\n<\/div>\n<div class=\"wpb_column vc_column_container vc_col-sm-4\">\n<div class=\"vc_column-inner\">\n<div class=\"wpb_wrapper\">\n<div class=\"wpb_text_column wpb_content_element\" >\n<div class=\"wpb_wrapper\">\n<p><img decoding=\"async\" class=\"effect_right\" src=\"https:\/\/deltaface.com\/wp-content\/uploads\/2021\/04\/base_etude_vide_white.jpg\" alt=\"ArchBase hollow out Deltaface\" width=\"100%\" \/><\/p>\n<\/p><\/div>\n<\/p><\/div>\n<\/div>\n<\/div>\n<\/div>\n<\/div>\n<\/div>","protected":false},"excerpt":{"rendered":"<p class=\"card-text\">Arch Base: Cr\u00e9ation d\u2019un mod\u00e8le virtuel Voir les prix Brochure et vid\u00e9os Arch Base est le logiciel 3D le plus rapide pour la cr\u00e9ation de mod\u00e8les dentaires ; il vous fera gagner un temps pr\u00e9cieux. Que vous soyez orthodontiste ou laboratoire dentaire, pr\u00e9parez facilement l\u2019empreinte dentaire pour imprimer en 3D le mod\u00e8le d\u2019\u00e9tude ou le [&#8230;]<\/p>\n<p class=\"m-0\"><a class=\"btn btn-outline-secondary btn-read-more\" href=\"https:\/\/deltaface.com\/fr\/arch-base-dental-model-creation\/\">Read More<\/a><\/p>\n","protected":false},"author":1,"featured_media":0,"parent":0,"menu_order":0,"comment_status":"closed","ping_status":"closed","template":"","meta":{"footnotes":""},"class_list":["post-1264","page","type-page","status-publish","hentry"],"_links":{"self":[{"href":"https:\/\/deltaface.com\/fr\/wp-json\/wp\/v2\/pages\/1264","targetHints":{"allow":["GET"]}}],"collection":[{"href":"https:\/\/deltaface.com\/fr\/wp-json\/wp\/v2\/pages"}],"about":[{"href":"https:\/\/deltaface.com\/fr\/wp-json\/wp\/v2\/types\/page"}],"author":[{"embeddable":true,"href":"https:\/\/deltaface.com\/fr\/wp-json\/wp\/v2\/users\/1"}],"replies":[{"embeddable":true,"href":"https:\/\/deltaface.com\/fr\/wp-json\/wp\/v2\/comments?post=1264"}],"version-history":[{"count":34,"href":"https:\/\/deltaface.com\/fr\/wp-json\/wp\/v2\/pages\/1264\/revisions"}],"predecessor-version":[{"id":17436,"href":"https:\/\/deltaface.com\/fr\/wp-json\/wp\/v2\/pages\/1264\/revisions\/17436"}],"wp:attachment":[{"href":"https:\/\/deltaface.com\/fr\/wp-json\/wp\/v2\/media?parent=1264"}],"curies":[{"name":"wp","href":"https:\/\/api.w.org\/{rel}","templated":true}]}}