{"id":1267,"date":"2021-04-12T15:03:40","date_gmt":"2021-04-12T15:03:40","guid":{"rendered":"https:\/\/deltaface.com\/axioscopy-2\/"},"modified":"2025-04-18T15:17:22","modified_gmt":"2025-04-18T15:17:22","slug":"axioscopie-orthodontique","status":"publish","type":"page","link":"https:\/\/deltaface.com\/fr\/axioscopie-orthodontique\/","title":{"rendered":"Axioscopie"},"content":{"rendered":"<div class=\"wpb-content-wrapper\"><style>.vc_custom_1608647843399{margin-top: 100px !important;}.vc_custom_1651485197208{border-top-width: 1px !important;border-right-width: 1px !important;border-bottom-width: 1px !important;border-left-width: 1px !important;background-color: #ffffff !important;border-left-color: #1abc9c !important;border-right-color: #1abc9c !important;border-top-color: #1abc9c !important;border-bottom-color: #1abc9c !important;border-radius: 1px !important;}<\/style>\n<div class=\"vc_row wpb_row vc_row-fluid vc_custom_1608647843399\">\n<div class=\"wpb_column vc_column_container vc_col-sm-12\">\n<div class=\"vc_column-inner\">\n<div class=\"wpb_wrapper\">\n<div class=\"wpb_text_column wpb_content_element\" >\n<div class=\"wpb_wrapper\">\n<h1 class=\"h1\">Axioscopie Orthodontique<\/h1>\n<\/p><\/div>\n<\/p><\/div>\n<div class=\"vc_btn3-container  shop_btns vc_btn3-inline vc_custom_1651485197208 vc_do_btn\" ><a class=\"vc_general vc_btn3 vc_btn3-size-md vc_btn3-shape-rounded vc_btn3-style-modern vc_btn3-color-green\" href=\"https:\/\/ivodel.com\/fr\/shop\" title=\"\" target=\"_blank\">Voir les prix<\/a><\/div>\n<div class=\"wpb_text_column wpb_content_element\" >\n<div class=\"wpb_wrapper\">\n<p>Issu d\u2019un partenariat avec <a href=\"http:\/\/www.iefo-formation-orthodontie.com\/\" target=\"_blank\" rel=\"noopener noreferrer\">l\u2019IEFO<\/a> (Institut Europ\u00e9en de Formation en Orthodontie), le logiciel d\u2019axioscopie est l\u2019adaptation logicielle tridimensionelle de la technique d\u2019\u00e9tude d\u00e9velopp\u00e9e par Georges Bernadat, Rapha\u00ebl Henrionnet et Mathieu Marchand. Il permet de r\u00e9aliser les mesures des axes en quelques minutes.<\/p>\n<p>L\u2019axioscopie molaire est un examen orthodontique qui permet de visualiser, dans un plan frontal, les axes des quatre premi\u00e8res molaires. Cet examen peut \u00eatre r\u00e9alis\u00e9 \u00e0 partir des mod\u00e8les d\u2019\u00e9tude num\u00e9ris\u00e9s. Il permet de d\u00e9terminer pr\u00e9cis\u00e9ment la valeur de disjonction basale maxillaire, et la valeur des redressements alv\u00e9olaires molaires maxillaire et mandibulaire. L&rsquo;outil indispensable pour la gestion du sens transversal.<\/p>\n<p><img decoding=\"async\" src=\"https:\/\/deltaface.com\/wp-content\/uploads\/2021\/04\/axioscopie.png\" alt=\"orthodontie axioscopie\"><\/p>\n<p>Publication : <a href=\"http:\/\/www.iefo-formation-orthodontie.com\/wp-content\/uploads\/2016\/05\/roc201511p2.pdf\" target=\"_blank\" rel=\"noopener noreferrer\">Les d\u00e9couvertes de l\u2019Axioscopie<\/a><\/p>\n<\/p><\/div>\n<\/p><\/div>\n<\/div>\n<\/div>\n<\/div>\n<\/div>\n<\/div>","protected":false},"excerpt":{"rendered":"<p class=\"card-text\">Axioscopie Orthodontique Voir les prix Issu d\u2019un partenariat avec l\u2019IEFO (Institut Europ\u00e9en de Formation en Orthodontie), le logiciel d\u2019axioscopie est l\u2019adaptation logicielle tridimensionelle de la technique d\u2019\u00e9tude d\u00e9velopp\u00e9e par Georges Bernadat, Rapha\u00ebl Henrionnet et Mathieu Marchand. Il permet de r\u00e9aliser les mesures des axes en quelques minutes. L\u2019axioscopie molaire est un examen orthodontique qui permet [&#8230;]<\/p>\n<p class=\"m-0\"><a class=\"btn btn-outline-secondary btn-read-more\" href=\"https:\/\/deltaface.com\/fr\/axioscopie-orthodontique\/\">Read More<\/a><\/p>\n","protected":false},"author":1,"featured_media":0,"parent":0,"menu_order":0,"comment_status":"closed","ping_status":"closed","template":"","meta":{"footnotes":""},"class_list":["post-1267","page","type-page","status-publish","hentry"],"_links":{"self":[{"href":"https:\/\/deltaface.com\/fr\/wp-json\/wp\/v2\/pages\/1267","targetHints":{"allow":["GET"]}}],"collection":[{"href":"https:\/\/deltaface.com\/fr\/wp-json\/wp\/v2\/pages"}],"about":[{"href":"https:\/\/deltaface.com\/fr\/wp-json\/wp\/v2\/types\/page"}],"author":[{"embeddable":true,"href":"https:\/\/deltaface.com\/fr\/wp-json\/wp\/v2\/users\/1"}],"replies":[{"embeddable":true,"href":"https:\/\/deltaface.com\/fr\/wp-json\/wp\/v2\/comments?post=1267"}],"version-history":[{"count":12,"href":"https:\/\/deltaface.com\/fr\/wp-json\/wp\/v2\/pages\/1267\/revisions"}],"predecessor-version":[{"id":17091,"href":"https:\/\/deltaface.com\/fr\/wp-json\/wp\/v2\/pages\/1267\/revisions\/17091"}],"wp:attachment":[{"href":"https:\/\/deltaface.com\/fr\/wp-json\/wp\/v2\/media?parent=1267"}],"curies":[{"name":"wp","href":"https:\/\/api.w.org\/{rel}","templated":true}]}}