{"id":16732,"date":"2023-07-11T13:21:08","date_gmt":"2023-07-11T13:21:08","guid":{"rendered":"https:\/\/deltaface.com\/?page_id=16732"},"modified":"2026-01-24T10:49:53","modified_gmt":"2026-01-24T10:49:53","slug":"collage-indirect","status":"publish","type":"page","link":"https:\/\/deltaface.com\/fr\/collage-indirect\/","title":{"rendered":"Collage Indirect"},"content":{"rendered":"<div class=\"wpb-content-wrapper\"><style>.vc_custom_1627482785465{margin-top: 50px !important;}.vc_custom_1627573491954{margin-top: 30px !important;}.vc_custom_1627565409010{margin-top: 30px !important;}.vc_custom_1627565409010{margin-top: 30px !important;}.vc_custom_1627487934800{margin-top: 50px !important;}.vc_custom_1651485258440{border-top-width: 1px !important;border-right-width: 1px !important;border-bottom-width: 1px !important;border-left-width: 1px !important;background-color: #ffffff !important;border-left-color: #1abc9c !important;border-right-color: #1abc9c !important;border-top-color: #1abc9c !important;border-bottom-color: #1abc9c !important;border-radius: 1px !important;}<\/style>\n<div class=\"vc_row wpb_row vc_row-fluid vc_custom_1627482785465\">\n<div class=\"wpb_column vc_column_container vc_col-sm-6\">\n<div class=\"vc_column-inner\">\n<div class=\"wpb_wrapper\">\n<div class=\"wpb_text_column wpb_content_element\" >\n<div class=\"wpb_wrapper\">\n<p><img decoding=\"async\" class=\"aligner_main_img\" src=\"https:\/\/deltaface.com\/wp-content\/uploads\/2023\/07\/idb.png\" alt=\"UBrackets Customised brackets and indirect bonding 3D dental model DeltaFace \" \/><\/p>\n<\/p><\/div>\n<\/p><\/div>\n<\/div>\n<\/div>\n<\/div>\n<div class=\"wpb_column vc_column_container vc_col-sm-6\">\n<div class=\"vc_column-inner\">\n<div class=\"wpb_wrapper\">\n<div class=\"wpb_text_column wpb_content_element\" >\n<div class=\"wpb_wrapper\"><\/div>\n<\/p><\/div>\n<div class=\"wpb_text_column wpb_content_element\" >\n<div class=\"wpb_wrapper\">\n<h1 class=\"h1\">collage indirect<\/h1>\n<div style=\"height: 2px; width: 100%; background-color: #1abc9c;\" data-darkreader-inline-bgcolor=\"\"><\/div>\n<\/p><\/div>\n<\/p><\/div>\n<div class=\"redirect_buttons_div\">\n<div class=\"vc_btn3-container  shop_btns vc_btn3-inline vc_custom_1651485258440 vc_do_btn\" ><a class=\"vc_general vc_btn3 vc_btn3-size-md vc_btn3-shape-rounded vc_btn3-style-modern vc_btn3-color-green\" href=\"https:\/\/deltaface.com\/ressources\/\" title=\"\" target=\"_blank\">Brochure and videos<\/a><\/div>\n<\/div>\n<\/div>\n<\/div>\n<\/div>\n<\/div>\n<div class=\"vc_row wpb_row vc_row-fluid\">\n<div class=\"wpb_column vc_column_container vc_col-sm-12\">\n<div class=\"vc_column-inner\">\n<div class=\"wpb_wrapper\">\n<div class=\"wpb_text_column wpb_content_element\" >\n<div class=\"wpb_wrapper\"><\/div>\n<\/p><\/div>\n<\/div>\n<\/div>\n<\/div>\n<\/div>\n<div class=\"vc_row wpb_row vc_row-fluid\">\n<div class=\"wpb_column vc_column_container vc_col-sm-12\">\n<div class=\"vc_column-inner\">\n<div class=\"wpb_wrapper\">\n<div class=\"wpb_text_column wpb_content_element\" >\n<div class=\"wpb_wrapper\">\n<h2 class=\"h2\"><strong>logiciel de collage indirect<\/strong><\/h2>\n<\/p><\/div>\n<\/p><\/div>\n<\/div>\n<\/div>\n<\/div>\n<\/div>\n<div class=\"vc_row wpb_row vc_row-fluid vc_custom_1627573491954\">\n<div class=\"wpb_column vc_column_container vc_col-sm-12\">\n<div class=\"vc_column-inner\">\n<div class=\"wpb_wrapper\">\n<div class=\"wpb_text_column wpb_content_element\" >\n<div class=\"wpb_wrapper\">\n<p>Le but est de cr\u00e9er une goutti\u00e8re de guidage pour le transfert des brackets sur les dents du patient.<br \/>\nLe logiciel sert \u00e0 concevoir cette goutti\u00e8re en pla\u00e7ant virtuellement les brackets sur les dents en suivant la m\u00e9thode de votre choix, pour finalement produire la goutti\u00e8re par thermoformage ou impression directe en 3D.<\/p>\n<p>Les avantages principaux de cette m\u00e9thode par rapport au collage direct sont :<\/p>\n<ul>\n<li style=\"list-style-type: none;\">\n<ul>\n<li>Une plus grande pr\u00e9cision dans l\u2019orientation et le placement des brackets<\/li>\n<li>Un meilleur confort pour le patient<\/li>\n<li>Un temps pass\u00e9 au fauteuil r\u00e9duit<\/li>\n<li>Un flux de travail simple et rapide<\/li>\n<\/ul>\n<\/li>\n<\/ul><\/div>\n<\/p><\/div>\n<\/div>\n<\/div>\n<\/div>\n<div class=\"wpb_column vc_column_container vc_col-sm-12\">\n<div class=\"vc_column-inner\">\n<div class=\"wpb_wrapper\">\n<div class=\"wpb_text_column wpb_content_element\" >\n<div class=\"wpb_wrapper\">\n<p>D\u00e9tail des diff\u00e9rentes \u00e9tapes :<\/p>\n<ol>\n<li>Choix depuis le logiciel de la s\u00e9rie de brackets d\u00e9sir\u00e9e, provenant du catalogue de la plupart des grands fabricants (Ormco, &#8230;)<\/li>\n<li>Placement automatique des brackets sur le point \u00ab FA \u00bb de chaque dent<\/li>\n<li>Ajustement de la position des brackets en suivant une m\u00e9thode connue (Andrews, Roth, Wick Alexander, Step Dwight Damon, MBT). Le logiciel affiche en temps r\u00e9el les rep\u00e8res et mesures sur les faces vestibulaires des dents, ce qui permet une grande pr\u00e9cision.<\/li>\n<li>Export du mod\u00e8le dentaire \u00e0 imprimer en 3D, pour une production par thermoformage et feuille de silicone.<\/li>\n<li>Ou bien export de la goutti\u00e8re elle-m\u00eame, pour l&rsquo;imprimer en 3D avec une r\u00e9sine silicone.<\/li>\n<\/ol>\n<p>La derni\u00e8re op\u00e9ration consistera \u00e0 placer les brackets r\u00e9elles dans la goutti\u00e8re de transfert.<\/p>\n<p>Vous voil\u00e0 pr\u00eat pour une pose rapide des brackets sur le patient !<\/p>\n<\/p><\/div>\n<\/p><\/div>\n<\/div>\n<\/div>\n<\/div>\n<\/div>\n<div class=\"vc_row wpb_row vc_row-fluid vc_custom_1627565409010\">\n<div class=\"wpb_column vc_column_container vc_col-sm-6\">\n<div class=\"vc_column-inner\">\n<div class=\"wpb_wrapper\">\n<div class=\"wpb_text_column wpb_content_element\" >\n<div class=\"wpb_wrapper\">\n<p><img decoding=\"async\" src=\"https:\/\/deltaface.com\/wp-content\/uploads\/2021\/07\/bracket2-min.jpg\" alt=\"automatic brackets positioning\" \/><\/p>\n<p style=\"text-align: center;\">Ajustement de la position des brackets<\/p>\n<\/p><\/div>\n<\/p><\/div>\n<\/div>\n<\/div>\n<\/div>\n<div class=\"wpb_column vc_column_container vc_col-sm-6\">\n<div class=\"vc_column-inner\">\n<div class=\"wpb_wrapper\">\n<div class=\"wpb_text_column wpb_content_element\" >\n<div class=\"wpb_wrapper\">\n<p><img decoding=\"async\" src=\"https:\/\/deltaface.com\/wp-content\/uploads\/2021\/07\/virtual_brackets2_rd-min.jpg\" alt=\"3D dental brackets\" \/><\/p>\n<p style=\"text-align: center;\">Placement automatique des brackets avec point FA<\/p>\n<\/p><\/div>\n<\/p><\/div>\n<\/div>\n<\/div>\n<\/div>\n<\/div>\n<div class=\"vc_row wpb_row vc_row-fluid vc_custom_1627565409010\">\n<div class=\"wpb_column vc_column_container vc_col-sm-6\">\n<div class=\"vc_column-inner\">\n<div class=\"wpb_wrapper\">\n<div class=\"wpb_text_column wpb_content_element\" >\n<div class=\"wpb_wrapper\">\n<p><img decoding=\"async\" src=\"https:\/\/deltaface.com\/wp-content\/uploads\/2021\/07\/splint2-min.jpg\" alt=\"Indirect bonding tray\" \/><\/p>\n<p style=\"text-align: center;\">R\u00e9alisation de la goutti\u00e8re de collage indirect<\/p>\n<\/p><\/div>\n<\/p><\/div>\n<\/div>\n<\/div>\n<\/div>\n<div class=\"wpb_column vc_column_container vc_col-sm-6\">\n<div class=\"vc_column-inner\">\n<div class=\"wpb_wrapper\">\n<div class=\"wpb_text_column wpb_content_element\" >\n<div class=\"wpb_wrapper\">\n<p><img decoding=\"async\" src=\"https:\/\/deltaface.com\/wp-content\/uploads\/2021\/07\/splint_undercuts_white-min.jpg\" alt=\"3D dental brackets with undercuts\" \/><\/p>\n<p style=\"text-align: center;\">Les contre-d\u00e9pouilles sont prises en compte automatiquement pour faciliter l&rsquo;insertion des brackets<\/p>\n<\/p><\/div>\n<\/p><\/div>\n<\/div>\n<\/div>\n<\/div>\n<\/div>\n<div class=\"vc_row wpb_row vc_row-fluid vc_custom_1627487934800\">\n<div class=\"wpb_column vc_column_container vc_col-sm-12\">\n<div class=\"vc_column-inner\">\n<div class=\"wpb_wrapper\">\n<div class=\"wpb_text_column wpb_content_element\" >\n<div class=\"wpb_wrapper\">\n<div style=\"height: 2px; width: 100%; background-color: #1abc9c;\" data-darkreader-inline-bgcolor=\"\"><\/div>\n<\/p><\/div>\n<\/p><\/div>\n<div class=\"wpb_text_column wpb_content_element\" >\n<div class=\"wpb_wrapper\">\n<p>Liste des fabricants de brackets d\u00e9j\u00e0 compatibles :<\/p>\n<ul>\n<li>Aditek<\/li>\n<li>Dentaurum<\/li>\n<li>DTC Orthodontics<\/li>\n<li>Forestadent<\/li>\n<li>GC Orthodontics<\/li>\n<li>GNI<\/li>\n<li>Leone<\/li>\n<li>Morelli<\/li>\n<li>Ormco<\/li>\n<li>Orthodeal<\/li>\n<li>Orthometric<\/li>\n<li>RMO<\/li>\n<\/ul>\n<p>Marques de fabricants non disponibles\u00a0:<\/p>\n<ul>\n<li>3M orthodontics<\/li>\n<li>American Orthodontics<\/li>\n<\/ul>\n<p>D&rsquo;autres fabricants sont possibles sur demande.<\/p>\n<\/p><\/div>\n<\/p><\/div>\n<\/div>\n<\/div>\n<\/div>\n<\/div>\n<div class=\"wpb_text_column wpb_content_element\" >\n<div class=\"wpb_wrapper\">\n<p>Pour l&rsquo;instant, cette m\u00e9thode traditionnelle n&rsquo;est disponible que pour l&rsquo;orthodontie vestibulaire.<\/p>\n<p>Articles associ\u00e9s : <a href=\"https:\/\/www.ncbi.nlm.nih.gov\/pmc\/articles\/PMC7078802\/\" target=\"_blank\" rel=\"noopener\">The Indirect Bonding Technique in Orthodontics \u2013 A Narrative Literature Review<\/a><\/p>\n<div style=\"height: 2px; width: 100%; background-color: #1abc9c;\" data-darkreader-inline-bgcolor=\"\"><\/div>\n<\/p><\/div>\n<\/p><\/div>\n<\/div>","protected":false},"excerpt":{"rendered":"<p class=\"card-text\">collage indirect Brochure and videos logiciel de collage indirect Le but est de cr\u00e9er une goutti\u00e8re de guidage pour le transfert des brackets sur les dents du patient. Le logiciel sert \u00e0 concevoir cette goutti\u00e8re en pla\u00e7ant virtuellement les brackets sur les dents en suivant la m\u00e9thode de votre choix, pour finalement produire la goutti\u00e8re [&#8230;]<\/p>\n<p class=\"m-0\"><a class=\"btn btn-outline-secondary btn-read-more\" href=\"https:\/\/deltaface.com\/fr\/collage-indirect\/\">Read More<\/a><\/p>\n","protected":false},"author":1,"featured_media":0,"parent":0,"menu_order":0,"comment_status":"closed","ping_status":"closed","template":"","meta":{"footnotes":""},"class_list":["post-16732","page","type-page","status-publish","hentry"],"_links":{"self":[{"href":"https:\/\/deltaface.com\/fr\/wp-json\/wp\/v2\/pages\/16732","targetHints":{"allow":["GET"]}}],"collection":[{"href":"https:\/\/deltaface.com\/fr\/wp-json\/wp\/v2\/pages"}],"about":[{"href":"https:\/\/deltaface.com\/fr\/wp-json\/wp\/v2\/types\/page"}],"author":[{"embeddable":true,"href":"https:\/\/deltaface.com\/fr\/wp-json\/wp\/v2\/users\/1"}],"replies":[{"embeddable":true,"href":"https:\/\/deltaface.com\/fr\/wp-json\/wp\/v2\/comments?post=16732"}],"version-history":[{"count":9,"href":"https:\/\/deltaface.com\/fr\/wp-json\/wp\/v2\/pages\/16732\/revisions"}],"predecessor-version":[{"id":17435,"href":"https:\/\/deltaface.com\/fr\/wp-json\/wp\/v2\/pages\/16732\/revisions\/17435"}],"wp:attachment":[{"href":"https:\/\/deltaface.com\/fr\/wp-json\/wp\/v2\/media?parent=16732"}],"curies":[{"name":"wp","href":"https:\/\/api.w.org\/{rel}","templated":true}]}}