{"id":16813,"date":"2023-07-12T16:01:20","date_gmt":"2023-07-12T16:01:20","guid":{"rendered":"https:\/\/deltaface.com\/?page_id=16813"},"modified":"2026-01-24T10:48:31","modified_gmt":"2026-01-24T10:48:31","slug":"ubrackets-brackets-personnalises","status":"publish","type":"page","link":"https:\/\/deltaface.com\/fr\/ubrackets-brackets-personnalises\/","title":{"rendered":"UBrackets: Brackets\u00a0personnalis\u00e9s"},"content":{"rendered":"<div class=\"wpb-content-wrapper\"><style>.vc_custom_1689177191962{border-top-width: 1px !important;border-right-width: 1px !important;border-left-width: 1px !important;background-color: #ffffff !important;border-left-color: #1abc9c !important;border-right-color: #1abc9c !important;border-top-color: #1abc9c !important;border-radius: 1px !important;}<\/style>\n<div class=\"vc_row wpb_row vc_row-fluid\">\n<div class=\"wpb_column vc_column_container vc_col-sm-6\">\n<div class=\"vc_column-inner\">\n<div class=\"wpb_wrapper\">\n<div class=\"wpb_text_column wpb_content_element\" >\n<div class=\"wpb_wrapper\">\n<p><img decoding=\"async\" class=\"aligner_main_img\" src=\"https:\/\/deltaface.com\/wp-content\/uploads\/2021\/07\/Bracket_white_red-min.jpg\" alt=\"UBrackets Customised brackets 3D dental model DeltaFace\" \/><\/p>\n<\/p><\/div>\n<\/p><\/div>\n<\/div>\n<\/div>\n<\/div>\n<div class=\"wpb_column vc_column_container vc_col-sm-6\">\n<div class=\"vc_column-inner\">\n<div class=\"wpb_wrapper\">\n<div class=\"wpb_text_column wpb_content_element\" >\n<div class=\"wpb_wrapper\">\n<h1 class=\"h1\">UBrackets: brackets personnalis\u00e9s<\/h1>\n<\/p><\/div>\n<\/p><\/div>\n<div class=\"wpb_text_column wpb_content_element\" >\n<div class=\"wpb_wrapper\">\n<div style=\"height: 2px; width: 100%; background-color: #1abc9c;\"><\/div>\n<\/p><\/div>\n<\/p><\/div>\n<div class=\"vc_btn3-container  shop_btns vc_btn3-inline vc_custom_1689177191962 vc_do_btn\" ><a class=\"vc_general vc_btn3 vc_btn3-size-md vc_btn3-shape-rounded vc_btn3-style-modern vc_btn3-color-green\" href=\"https:\/\/deltaface.com\/ressources\/\" title=\"\" target=\"_blank\">Brochure et vid\u00e9os<\/a><\/div>\n<\/div>\n<\/div>\n<\/div>\n<\/div>\n<div class=\"vc_row wpb_row vc_row-fluid\">\n<div class=\"wpb_column vc_column_container vc_col-sm-12\">\n<div class=\"vc_column-inner\">\n<div class=\"wpb_wrapper\">\n<div class=\"wpb_text_column wpb_content_element\" >\n<div class=\"wpb_wrapper\">\n<p>D\u00e9couvrez <strong>UBrackets<\/strong>, le logiciel\u00a0de collage indirect\u00a0le plus avanc\u00e9 du march\u00e9, qui vous permet d\u2019imprimer vos propres\u00a0<strong>brackets personnalis\u00e9s<\/strong>,\u00a0adapt\u00e9s \u00e0 la forme de chaque dent selon leur position.<strong><br \/>\nDeux m\u00e9thodes <\/strong>sont pr\u00e9sentes dans le<strong> module UBrackets,<\/strong> permettants de positionner les brackets en occlusion apr\u00e8s avoir r\u00e9alis\u00e9 le setup :<\/p>\n<ul>\n<li><strong>Brackets personnalis\u00e9s \u00e0 imprimer.<\/strong>\u00a0Le but est de concevoir des brackets personnalis\u00e9s \u00e0 imprimer en 3D. En fonction de sa position d\u00e9termin\u00e9e pendant la phase du setup, chaque bracket va \u00eatre personnalis\u00e9 automatiquement pour s\u2019ajuster parfaitement \u00e0 la dentition. Pour cette m\u00e9thode, Coruo met \u00e0 disposition des brackets sp\u00e9cialement con\u00e7us pour tenir compte des contraintes d\u2019impressions, que ce soit avec des r\u00e9sines pour couronne ou en Zircone.<br \/>\nCe module propose aussi la conception de positionneurs de brackets personnalis\u00e9s, pour un collage aussi pr\u00e9cis que possible. Les brackets ainsi que leur fils seront export\u00e9s pour impression 3D sous forme de fichiers stl.<br \/>\nLes brackets de constructeur ne sont pas disponibles pour cette m\u00e9thode.<\/li>\n<li><strong>Brackets constructeurs avec base en r\u00e9sine.<\/strong>\u00a0Le but est de concevoir une personnalisation de brackets standards en ajoutant une partie en r\u00e9sine entre la bracket et la dent. L\u2019usage de librairies standard de diff\u00e9rents constructeurs rend cette solution moins on\u00e9reuse, tout en fournissant une solution sur mesure pour le patient. Ce type d\u2019approche am\u00e9liore non seulement le flux de travail quotidien, mais am\u00e9liore \u00e9galement l\u2019efficacit\u00e9; gr\u00e2ce \u00e0 une pr\u00e9cision accrue vous donnant un contr\u00f4le total sur le traitement.<\/li>\n<\/ul><\/div>\n<\/p><\/div>\n<\/div>\n<\/div>\n<\/div>\n<\/div>\n<div class=\"vc_row wpb_row vc_row-fluid\">\n<div class=\"wpb_column vc_column_container vc_col-sm-12\">\n<div class=\"vc_column-inner\">\n<div class=\"wpb_wrapper\">\n<div class=\"wpb_text_column wpb_content_element\" >\n<div class=\"wpb_wrapper\">\n<h2 class=\"h2\">LES BRACKETS PERSONNALIS\u00c9S IMPRIMABLES<\/h2>\n<\/p><\/div>\n<\/p><\/div>\n<div class=\"wpb_text_column wpb_content_element\" >\n<div class=\"wpb_wrapper\">\n<p>Conception 3D et impression de\u00a0<strong>brackets orthodontiques<\/strong> imprimables<\/p>\n<\/p><\/div>\n<\/p><\/div>\n<\/div>\n<\/div>\n<\/div>\n<\/div>\n<div class=\"vc_row wpb_row vc_row-fluid\">\n<div class=\"wpb_column vc_column_container vc_col-sm-12\">\n<div class=\"vc_column-inner\">\n<div class=\"wpb_wrapper\">\n<div class=\"wpb_text_column wpb_content_element\" >\n<div class=\"wpb_wrapper\">\n<h3 class=\"h3\">FONCTIONNALIT\u00c9ES EXCLUSIVES :<\/h3>\n<\/p><\/div>\n<\/p><\/div>\n<\/div>\n<\/div>\n<\/div>\n<\/div>\n<div class=\"vc_row wpb_row vc_row-fluid\">\n<div class=\"wpb_column vc_column_container vc_col-sm-4\">\n<div class=\"vc_column-inner\">\n<div class=\"wpb_wrapper\">\n<div class=\"wpb_text_column wpb_content_element\" >\n<div class=\"wpb_wrapper\">\n<p><img decoding=\"async\" src=\"https:\/\/deltaface.com\/wp-content\/uploads\/2021\/07\/manipulator_3D_positioning_brackets_white_rd-1.jpg\" alt=\"Automatic placement and three-dimensional positioning with manipulator\" \/>Placement automatique des brackets et positionnement tridimensionnel avec manipulateur.<\/p>\n<\/p><\/div>\n<\/p><\/div>\n<\/div>\n<\/div>\n<\/div>\n<div class=\"wpb_column vc_column_container vc_col-sm-4\">\n<div class=\"vc_column-inner\">\n<div class=\"wpb_wrapper\">\n<div class=\"wpb_text_column wpb_content_element\" >\n<div class=\"wpb_wrapper\">\n<p><img decoding=\"async\" src=\"https:\/\/deltaface.com\/wp-content\/uploads\/2021\/07\/customized_brackets_rd-min.jpg\" alt=\"customised brackets and archwire\" \/>Retrait des positionneurs de brackets personnalis\u00e9s et insertion de l\u2019arc.<\/p>\n<\/p><\/div>\n<\/p><\/div>\n<\/div>\n<\/div>\n<\/div>\n<div class=\"wpb_column vc_column_container vc_col-sm-4\">\n<div class=\"vc_column-inner\">\n<div class=\"wpb_wrapper\">\n<div class=\"wpb_text_column wpb_content_element\" >\n<div class=\"wpb_wrapper\">\n<p><img decoding=\"async\" src=\"https:\/\/deltaface.com\/wp-content\/uploads\/2021\/07\/printed_bracket_rd.jpg\" alt=\"3d printed brackets\" \/><\/p>\n<p style=\"text-align: center;\"><strong>Bracket imprim\u00e9 en 3D en r\u00e9sine.<\/strong><\/p>\n<\/p><\/div>\n<\/p><\/div>\n<\/div>\n<\/div>\n<\/div>\n<\/div>\n<div class=\"vc_row wpb_row vc_row-fluid\">\n<div class=\"wpb_column vc_column_container vc_col-sm-2\">\n<div class=\"vc_column-inner\">\n<div class=\"wpb_wrapper\">\n<div class=\"wpb_text_column wpb_content_element\" >\n<div class=\"wpb_wrapper\"><\/div>\n<\/p><\/div>\n<\/div>\n<\/div>\n<\/div>\n<div class=\"wpb_column vc_column_container vc_col-sm-4\">\n<div class=\"vc_column-inner\">\n<div class=\"wpb_wrapper\">\n<div class=\"wpb_text_column wpb_content_element\" >\n<div class=\"wpb_wrapper\">\n<p><img decoding=\"async\" src=\"https:\/\/deltaface.com\/wp-content\/uploads\/2021\/07\/Bracket5_white-min.jpg\" alt=\"numbered individual positioner for brackets\" \/><br \/>\nCr\u00e9ation rapide de positionneurs individuels num\u00e9rot\u00e9s pour chaque bracket\/dent<\/p>\n<div class=\"wpb_text_column wpb_content_element \">\n<div class=\"wpb_wrapper\">\n<p>Fast creation of numbered individual positioner for each bracket\/tooth<\/p>\n<\/div>\n<\/div><\/div>\n<\/p><\/div>\n<\/div>\n<\/div>\n<\/div>\n<div class=\"wpb_column vc_column_container vc_col-sm-4\">\n<div class=\"vc_column-inner\">\n<div class=\"wpb_wrapper\">\n<div class=\"wpb_text_column wpb_content_element\" >\n<div class=\"wpb_wrapper\">\n<p><img decoding=\"async\" src=\"https:\/\/deltaface.com\/wp-content\/uploads\/2021\/07\/Bracket3_white-min.jpg\" alt=\"Automatic creation of the base to perfectly match the shape of the tooth\" \/><br \/>\n<span style=\"color: #9e9589; font-family: Rubik; text-align: justify;\">Cr\u00e9ation automatique de la base des brackets (en linguale ou en vestibulaire) pour \u00e9pouser parfaitement la forme de la dent.<\/span><\/p>\n<\/p><\/div>\n<\/p><\/div>\n<\/div>\n<\/div>\n<\/div>\n<div class=\"wpb_column vc_column_container vc_col-sm-2\">\n<div class=\"vc_column-inner\">\n<div class=\"wpb_wrapper\">\n<div class=\"wpb_text_column wpb_content_element\" >\n<div class=\"wpb_wrapper\"><\/div>\n<\/p><\/div>\n<\/div>\n<\/div>\n<\/div>\n<\/div>\n<div class=\"vc_row wpb_row vc_row-fluid\">\n<div class=\"wpb_column vc_column_container vc_col-sm-12\">\n<div class=\"vc_column-inner\">\n<div class=\"wpb_wrapper\">\n<div class=\"wpb_text_column wpb_content_element\" >\n<div class=\"wpb_wrapper\">\n<h2 class=\"h2\">Brackets AVEC BASES PERSONNALIS\u00c9ES<\/h2>\n<\/p><\/div>\n<\/p><\/div>\n<\/div>\n<\/div>\n<\/div>\n<\/div>\n<div class=\"vc_row wpb_row vc_row-fluid\">\n<div class=\"wpb_column vc_column_container vc_col-sm-12\">\n<div class=\"vc_column-inner\">\n<div class=\"wpb_wrapper\">\n<div class=\"wpb_text_column wpb_content_element\" >\n<div class=\"wpb_wrapper\">\n<p>Conception en interne de bases personnalis\u00e9es sur bracket standard, en linguale ou en vestibulaire, \u00e0 l\u2019aide de bases en composite.<\/p>\n<\/p><\/div>\n<\/p><\/div>\n<\/div>\n<\/div>\n<\/div>\n<\/div>\n<div class=\"vc_row wpb_row vc_row-fluid\">\n<div class=\"wpb_column vc_column_container vc_col-sm-4\">\n<div class=\"vc_column-inner\">\n<div class=\"wpb_wrapper\">\n<div class=\"wpb_text_column wpb_content_element\" >\n<div class=\"wpb_wrapper\">\n<p><img decoding=\"async\" src=\"https:\/\/deltaface.com\/wp-content\/uploads\/2021\/07\/mandible_wire_rd.jpg\" alt=\"braces wires pdf export\" \/><br \/>\nExport of the wire in pdf format at 1\/1 scale to facilitate its creation<\/p>\n<\/p><\/div>\n<\/p><\/div>\n<\/div>\n<\/div>\n<\/div>\n<div class=\"wpb_column vc_column_container vc_col-sm-4\">\n<div class=\"vc_column-inner\">\n<div class=\"wpb_wrapper\">\n<div class=\"wpb_text_column wpb_content_element\" >\n<div class=\"wpb_wrapper\">\n<p><img decoding=\"async\" src=\"https:\/\/deltaface.com\/wp-content\/uploads\/2021\/07\/Customized_bases_rd-min.jpg\" alt=\"Customised lingual orthodontic brackets with archwire\" \/><br \/>\nCustomised lingual <strong>orthodontic brackets<\/strong> with an archwire inserted<\/p>\n<div class=\"wpb_text_column wpb_content_element\" >\n<div class=\"wpb_wrapper\"><\/div>\n<\/p><\/div>\n<p style=\"text-align: center;\"><a href=\"https:\/\/www.ajodo-clinicalcompanion.com\/article\/S2666-4305(21)00044-3\/fulltext\" target=\"_blank\" rel=\"noopener\"><img decoding=\"async\" src=\"https:\/\/deltaface.com\/wp-content\/uploads\/2021\/07\/logo_ajo-do.svg\" alt=\"\" \/><\/a><\/p>\n<\/p><\/div>\n<\/p><\/div>\n<\/div>\n<\/div>\n<\/div>\n<div class=\"wpb_column vc_column_container vc_col-sm-8\">\n<div class=\"vc_column-inner\">\n<div class=\"wpb_wrapper\">\n<div class=\"wpb_text_column wpb_content_element\" >\n<div class=\"wpb_wrapper\">\n<p><span style=\"color: #9e9589; font-family: Rubik; text-align: justify;\">Conception assist\u00e9e par ordinateur et impression 3D en interne d\u2019attaches orthodontiques personnalis\u00e9es en r\u00e9sine c\u00e9ramique hybride : est-il temps pour l\u2019orthodontiste de prendre le relais ?<\/span><\/p>\n<\/p><\/div>\n<\/p><\/div>\n<\/div>\n<\/div>\n<\/div>\n<\/div>\n<\/div>","protected":false},"excerpt":{"rendered":"<p class=\"card-text\">UBrackets: brackets personnalis\u00e9s Brochure et vid\u00e9os D\u00e9couvrez UBrackets, le logiciel\u00a0de collage indirect\u00a0le plus avanc\u00e9 du march\u00e9, qui vous permet d\u2019imprimer vos propres\u00a0brackets personnalis\u00e9s,\u00a0adapt\u00e9s \u00e0 la forme de chaque dent selon leur position. Deux m\u00e9thodes sont pr\u00e9sentes dans le module UBrackets, permettants de positionner les brackets en occlusion apr\u00e8s avoir r\u00e9alis\u00e9 le setup : Brackets personnalis\u00e9s [&#8230;]<\/p>\n<p class=\"m-0\"><a class=\"btn btn-outline-secondary btn-read-more\" href=\"https:\/\/deltaface.com\/fr\/ubrackets-brackets-personnalises\/\">Read More<\/a><\/p>\n","protected":false},"author":1,"featured_media":0,"parent":0,"menu_order":0,"comment_status":"closed","ping_status":"closed","template":"","meta":{"footnotes":""},"class_list":["post-16813","page","type-page","status-publish","hentry"],"_links":{"self":[{"href":"https:\/\/deltaface.com\/fr\/wp-json\/wp\/v2\/pages\/16813","targetHints":{"allow":["GET"]}}],"collection":[{"href":"https:\/\/deltaface.com\/fr\/wp-json\/wp\/v2\/pages"}],"about":[{"href":"https:\/\/deltaface.com\/fr\/wp-json\/wp\/v2\/types\/page"}],"author":[{"embeddable":true,"href":"https:\/\/deltaface.com\/fr\/wp-json\/wp\/v2\/users\/1"}],"replies":[{"embeddable":true,"href":"https:\/\/deltaface.com\/fr\/wp-json\/wp\/v2\/comments?post=16813"}],"version-history":[{"count":12,"href":"https:\/\/deltaface.com\/fr\/wp-json\/wp\/v2\/pages\/16813\/revisions"}],"predecessor-version":[{"id":17434,"href":"https:\/\/deltaface.com\/fr\/wp-json\/wp\/v2\/pages\/16813\/revisions\/17434"}],"wp:attachment":[{"href":"https:\/\/deltaface.com\/fr\/wp-json\/wp\/v2\/media?parent=16813"}],"curies":[{"name":"wp","href":"https:\/\/api.w.org\/{rel}","templated":true}]}}